{"id":8,"date":"2016-02-18T20:37:39","date_gmt":"2016-02-18T23:37:39","guid":{"rendered":"http:\/\/localhost\/atair\/?page_id=8"},"modified":"2018-09-21T14:39:31","modified_gmt":"2018-09-21T17:39:31","slug":"bio","status":"publish","type":"page","link":"http:\/\/atairsantos.com.br\/en\/bio\/","title":{"rendered":"Biotherapy"},"content":{"rendered":"<p><!--vcv no format-->\r\n<div class=\"vce-row-container\">\r\n<div id=\"el-7adbcccc\" class=\"vce-row vce-row--col-gap-30 vce-row-columns--top vce-row-content--top\" data-vce-do-apply=\"all el-7adbcccc\">\r\n<div class=\"vce-row-content\" data-vce-element-content=\"true\">\r\n<div id=\"el-9d017e4a\" class=\"vce-col vce-col--md-100p vce-col--xs-1 vce-col--xs-last vce-col--xs-first vce-col--sm-last vce-col--sm-first vce-col--md-last vce-col--lg-last vce-col--xl-last vce-col--md-first vce-col--lg-first vce-col--xl-first\" data-vce-do-apply=\"background border el-9d017e4a\">\r\n<div class=\"vce-col-inner\" data-vce-element-content=\"true\" data-vce-do-apply=\"padding margin el-9d017e4a\">\r\n<div class=\"vce-text-block\">\r\n<div id=\"el-ac45f662\" class=\"vce-text-block-wrapper vce\" data-vce-do-apply=\"all el-ac45f662\">\r\n\r\n<img loading=\"lazy\" decoding=\"async\" class=\"size-full wp-image-823 alignleft\" src=\"http:\/\/atairsantos.com.br\/wp-content\/uploads\/2016\/02\/bioterapira.jpg\" alt=\"\" width=\"500\" height=\"333\" \/>\r\n<h3><span style=\"color: #000080;\">Biotherapy<\/span><\/h3>\r\n\u00c9 um tratamento alternativo para pessoas com doen\u00e7as e dores cr\u00f4nicas, interfer\u00eancias energ\u00e9ticas, sequelas de tratamentos convencionais, que est\u00e3o procurando reestabelecer a sa\u00fade sem interven\u00e7\u00e3o de qualquer tipo de medicamento. Seu princ\u00edpio parte da harmonia energ\u00e9tica, o qual estabelece o equil\u00edbrio celular dos \u00f3rg\u00e3os afetados por alguma patologia.\r\n\r\nQuando o quadro cl\u00ednico apresentado n\u00e3o tem nenhuma patologia f\u00edsica, mas tem origem emocional, psicol\u00f3gica ou de estresse, o trabalho realizado \u00e9 o equil\u00edbrio global da pessoa para que ela possa reconstituir a harmonia de sua ess\u00eancia e assim retornar \u00e0s suas atividades e \u00e0 vida natural.\r\n\r\nTodo processo, do diagn\u00f3stico ao tratamento, \u00e9 realizado de maneira natural. O atendimento \u00e9 feito pelo bioterapeuta, que sendo biosensitivo far\u00e1 a leitura do fluxo energ\u00e9tico, detectando a origem dos males que afligem a pessoa. \u00c9 importante ressaltar que o bioterapeuta n\u00e3o \u00e9 um adivinho, ele \u00e9 um sensitivo que realiza leitura energ\u00e9tica da pessoa, onde est\u00e1 registrada toda a passagem de suas vidas e a origem de suas doen\u00e7as na dimens\u00e3o.\r\n\r\nO tratamento \u00e9 realizado em sess\u00f5es semanais, quinzenais e mensais, dependendo do grau de agravamento cl\u00ednico em que se encontra a pessoa, tendo suporte em tempo integral, mantendo contato via meios de comunica\u00e7\u00e3o ou energeticamente com o bioterapeuta. Isso acontece porque energia n\u00e3o tem dist\u00e2ncia, todas as pessoas recebem apoio energ\u00e9tico em qualquer momento e em qualquer lugar para superar sua dificuldade moment\u00e2nea, de modo que n\u00e3o precise usar recursos medicamentosos ou outros m\u00e9todos.\r\n\r\nO processo da bioterapia atuar\u00e1 de forma generalizada, haja visto que energia n\u00e3o tem limites, portanto quando uma pessoa adoece afeta toda a sua vida, seja ela profissional, pessoal, afetiva, financeira etc; por isso a bioterapia atua na plenitude para que a harmoniza\u00e7\u00e3o seja completa.\r\n\r\nN\u00e3o h\u00e1 dor durante ou ap\u00f3s o tratamento bioter\u00e1pico, n\u00e3o havendo restri\u00e7\u00e3o alguma relacionada \u00e0 idade ou quest\u00f5es f\u00edsicas. A bioterapia \u00e9 feita por uma pessoa sensitiva que capta as ondas energ\u00e9ticas da ess\u00eancia (alma) de uma pessoa em atendimento, fazendo uma leitura ampla das suas necessidades como um todo.\r\n\r\nBioterapia \u00e9 sin\u00f4nimo de equil\u00edbrio e harmonia entre o ser e a mat\u00e9ria, portanto uma pessoa quando busca esse tipo de tratamento precisa estar ciente que n\u00e3o haver\u00e1 qualquer media\u00e7\u00e3o material durante todo o processo.\r\n\r\nAo buscar esse trabalho n\u00e3o procura-se apenas a cura, mas sim uma nova maneira de viver, sendo essa que a bioterapia vai lhe proporcionar, uma nova maneira de se relacionar com a vida, com o seu corpo e com a dimens\u00e3o.\r\n\r\n<\/div>\r\n<\/div>\r\n<\/div>\r\n<\/div>\r\n<\/div>\r\n<\/div>\r\n<\/div>\r\n\n<p><\/p>","protected":false},"excerpt":{"rendered":"<p>Biotherapy \u00c9 um tratamento alternativo para pessoas com doen\u00e7as e dores cr\u00f4nicas, interfer\u00eancias energ\u00e9ticas, sequelas de tratamentos convencionais, que est\u00e3o [&hellip;]<\/p>\n","protected":false},"author":1,"featured_media":0,"parent":0,"menu_order":0,"comment_status":"closed","ping_status":"closed","template":"","meta":{"footnotes":""},"_links":{"self":[{"href":"http:\/\/atairsantos.com.br\/en\/wp-json\/wp\/v2\/pages\/8"}],"collection":[{"href":"http:\/\/atairsantos.com.br\/en\/wp-json\/wp\/v2\/pages"}],"about":[{"href":"http:\/\/atairsantos.com.br\/en\/wp-json\/wp\/v2\/types\/page"}],"author":[{"embeddable":true,"href":"http:\/\/atairsantos.com.br\/en\/wp-json\/wp\/v2\/users\/1"}],"replies":[{"embeddable":true,"href":"http:\/\/atairsantos.com.br\/en\/wp-json\/wp\/v2\/comments?post=8"}],"version-history":[{"count":52,"href":"http:\/\/atairsantos.com.br\/en\/wp-json\/wp\/v2\/pages\/8\/revisions"}],"predecessor-version":[{"id":1319,"href":"http:\/\/atairsantos.com.br\/en\/wp-json\/wp\/v2\/pages\/8\/revisions\/1319"}],"wp:attachment":[{"href":"http:\/\/atairsantos.com.br\/en\/wp-json\/wp\/v2\/media?parent=8"}],"curies":[{"name":"wp","href":"https:\/\/api.w.org\/{rel}","templated":true}]}}