{"id":282,"date":"2016-05-19T20:05:24","date_gmt":"2016-05-19T23:05:24","guid":{"rendered":"http:\/\/atairsantos.com.br\/?page_id=282"},"modified":"2018-06-19T15:26:09","modified_gmt":"2018-06-19T18:26:09","slug":"depoimentos","status":"publish","type":"page","link":"http:\/\/atairsantos.com.br\/en\/depoimentos\/","title":{"rendered":"Depoimentos"},"content":{"rendered":"<div class=\"vce-row-container\"><div class=\"vce-row vce-row--col-gap-30 vce-row-columns--top vce-row-content--top\" id=\"el-ed90b014\" data-vce-do-apply=\"all el-ed90b014\"><div class=\"vce-row-content\" data-vce-element-content=\"true\"><div class=\"vce-col vce-col--md-100p vce-col--xs-1 vce-col--xs-last vce-col--xs-first vce-col--sm-last vce-col--sm-first vce-col--md-last vce-col--lg-last vce-col--xl-last vce-col--md-first vce-col--lg-first vce-col--xl-first\" id=\"el-3dfcbecc\" data-vce-do-apply=\"background border el-3dfcbecc\"><div class=\"vce-col-inner\" data-vce-element-content=\"true\" data-vce-do-apply=\"padding margin  el-3dfcbecc\"><div class=\"vce-text-block\"><div class=\"vce-text-block-wrapper vce\" id=\"el-a8ed7b10\" data-vce-do-apply=\"all el-a8ed7b10\"><h3 style=\"text-align: left;\"><span style=\"color: #000080;\"><br>Depoimentos<\/span><\/h3><\/div><\/div><\/div><\/div><\/div><\/div><\/div><div class=\"vce-row-container\"><div class=\"vce-row vce-row--col-gap-30 vce-row-columns--top vce-row-content--top\" id=\"el-eefc8134\" data-vce-do-apply=\"all el-eefc8134\"><div class=\"vce-row-content\" data-vce-element-content=\"true\"><div class=\"vce-col vce-col--md-50p vce-col--xs-1 vce-col--xs-last vce-col--xs-first vce-col--sm-last vce-col--sm-first vce-col--md-first vce-col--lg-first vce-col--xl-first\" id=\"el-58d508a6\" data-vce-do-apply=\"background border el-58d508a6\"><div class=\"vce-col-inner\" data-vce-element-content=\"true\" data-vce-do-apply=\"padding margin  el-58d508a6\"><div class=\"vce-text-block\"><div class=\"vce-text-block-wrapper vce\" id=\"el-47abbad5\" data-vce-do-apply=\"all el-47abbad5\"><p style=\"text-align: justify;\"><em><span style=\"color: #333333;\">\"J\u00e1 temos 18 anos de conviv\u00eancia com o Atair.&nbsp; Para n\u00f3s, ele \u00e9 o&nbsp;amigo, o conselheiro, o mestre.Os bate-papos dele s\u00e3o verdadeiros b\u00e1lsamos para nosso ser, seus ensinamentos ao lado do atendimento energ\u00e9tico nos d\u00e3o suporte espiritual e f\u00edsico&nbsp;para melhor entender a nossa atual exist\u00eancia.&nbsp;Isto \u00e9 apenas uma s\u00edntese do que \u00e9 o Atair para n\u00f3s.\"<\/span><\/em><\/p><p style=\"text-align: justify;\"><span style=\"color: #333333;\">Beijos,<strong>&nbsp;S\u00eania <\/strong>e<strong> Luis.<\/strong><\/span><\/p><\/div><\/div><div class=\"vce-text-block\"><div class=\"vce-text-block-wrapper vce\" id=\"el-547260ed\" data-vce-do-apply=\"all el-547260ed\"><p style=\"text-align: justify;\"><span style=\"color: #ffffff;\"><em>\"Conhe\u00e7o o Atair h\u00e1 7 anos e n\u00e3o sei dizer como seria minha vida e minha sa\u00fade sem ele. Desde as consultas, bate papos e principalmente as imers\u00f5es, tudo em mim est\u00e1 constantemente se transformando.&nbsp;A maneira que olho e vivo a vida jamais ser\u00e1 como antes.&nbsp;Gratid\u00e3o \u00e9 muito pouco para o tanto que Atair faz por n\u00f3s! \u2764<span class=\"text_exposed_show\">\"<\/span><\/em><\/span><\/p><h5 class=\"_5pbw\" data-ft=\"{\"><span class=\"fwn fcg\" style=\"color: #ffffff;\"><span class=\"fcg\"><span class=\"fwb\">Beatriz Landgraf.<\/span><\/span><\/span><\/h5><\/div><\/div><div class=\"vce-text-block\"><div class=\"vce-text-block-wrapper vce\" id=\"el-780521cf\" data-vce-do-apply=\"all el-780521cf\"><p><em><span style=\"color: #333333;\">\"Ol\u00e1 Atair<\/span><\/em><br><em> <span style=\"color: #333333;\"> Gostaria de agradecer o tratamento maravilhoso que fez comigo. Depois de seu atendimento melhorei muito minha auto estima, ansiedade e inseguran\u00e7a o que resultou em uma perda de peso de quase 20 kilos! Obrigada, e por confiar no seu trabalho, gostaria que ajudasse minha filha, ela tem 2 anos e 7 meses.<\/span><\/em><\/p><p><em><span style=\"color: #333333;\">Obrigada novamente, abra\u00e7o!\"<\/span><\/em><br><span style=\"color: #333333;\"><strong> Joline F. Maciel, Joinville \/SC<\/strong> - Atendimento \u00e0 dist\u00e2ncia.<\/span><\/p><\/div><\/div><\/div><\/div><div class=\"vce-col vce-col--md-50p vce-col--xs-1 vce-col--xs-last vce-col--xs-first vce-col--sm-last vce-col--sm-first vce-col--md-last vce-col--lg-last vce-col--xl-last\" id=\"el-fa30b887\" data-vce-do-apply=\"background border el-fa30b887\"><div class=\"vce-col-inner\" data-vce-element-content=\"true\" data-vce-do-apply=\"padding margin  el-fa30b887\"><div class=\"vce-text-block\"><div class=\"vce-text-block-wrapper vce\" id=\"el-0d94e7ab\" data-vce-do-apply=\"all el-0d94e7ab\"><p><span style=\"color: #ffffff;\"><em>\"Venho agradecer-te.&nbsp;Quero que saiba, que, a partir da Imers\u00e3o, sou outra pessoa. Me surpreendo cantando , dan\u00e7ando e com desejo de gritar ao mundo minha felicidade. <span class=\"text_exposed_show\">Minhas tarefas tornaram- se prazerosas e tudo que fa\u00e7o \u00e9 como se n\u00e3o sou eu quem realizo e sim o Pai que fez Sua morada em meu interior.&nbsp;\u00c9 maravilhoso viver assim...<br>Obrigada por voc\u00ea existir neste planeta...\"<\/span><\/em><\/span><\/p><p><span style=\"color: #ffffff;\"><strong>Leonir.<\/strong><\/span><\/p><\/div><\/div><div class=\"vce-text-block\"><div class=\"vce-text-block-wrapper vce\" id=\"el-15d1feea\" data-vce-do-apply=\"all el-15d1feea\"><p style=\"text-align: justify;\"><em>\"Atair!<\/em><br><em> Um dos momentos mais marcantes que tive at\u00e9 hoje foi em uma das reuni\u00f5es que voc\u00ea realizou na casa da minha av\u00f3. Isso j\u00e1 faz 20 anos, mas deve lembrar... \u201cas cabecinhas de voc\u00eas est\u00e3o esfuma\u00e7ando\u201d, rsrs, ap\u00f3s voc\u00ea nos contar como nos repelimos do Pai.<\/em><br><em> Palavras s\u00e3o poucas para descrever, e tamb\u00e9m agradecer, o qu\u00e3o \u00e9 importante voc\u00ea e seu trabalho com os ensinamentos do Pai para mim.<\/em><br><em> Hoje sinto claramente quando estou, ou n\u00e3o, equilibrado. E muitas vezes j\u00e1 consigo manter meu equil\u00edbrio em v\u00e1rias situa\u00e7\u00f5es de conflito...<\/em><\/p><p style=\"text-align: justify;\"><em>Aquele abra\u00e7o!\"<\/em><br><strong>Paulo de Tarso, Canela\/RS.<\/strong><\/p><\/div><\/div><div class=\"vce-text-block\"><div class=\"vce-text-block-wrapper vce\" id=\"el-9d4de653\" data-vce-do-apply=\"all el-9d4de653\"><p><span style=\"color: #ffffff;\"><em>\"Meu 'guru'! Minha energia \u00e9 devidamente equilibrada atrav\u00e9s de sua sensibilidade que trata onde necessita de ajuste.\"<\/em><\/span><br><br><span style=\"color: #ffffff;\"><strong>Cl\u00e1udia Guimar\u00e3es<\/strong><\/span><\/p><\/div><\/div><\/div><\/div><\/div><\/div><\/div>\n","protected":false},"excerpt":{"rendered":"<p>Depoimentos&#8221;J\u00e1 temos 18 anos de conviv\u00eancia com o Atair.&nbsp; Para n\u00f3s, ele \u00e9 o&nbsp;amigo, o conselheiro, o mestre.Os bate-papos dele [&hellip;]<\/p>\n","protected":false},"author":1,"featured_media":0,"parent":0,"menu_order":0,"comment_status":"closed","ping_status":"closed","template":"","meta":{"footnotes":""},"_links":{"self":[{"href":"http:\/\/atairsantos.com.br\/en\/wp-json\/wp\/v2\/pages\/282"}],"collection":[{"href":"http:\/\/atairsantos.com.br\/en\/wp-json\/wp\/v2\/pages"}],"about":[{"href":"http:\/\/atairsantos.com.br\/en\/wp-json\/wp\/v2\/types\/page"}],"author":[{"embeddable":true,"href":"http:\/\/atairsantos.com.br\/en\/wp-json\/wp\/v2\/users\/1"}],"replies":[{"embeddable":true,"href":"http:\/\/atairsantos.com.br\/en\/wp-json\/wp\/v2\/comments?post=282"}],"version-history":[{"count":20,"href":"http:\/\/atairsantos.com.br\/en\/wp-json\/wp\/v2\/pages\/282\/revisions"}],"predecessor-version":[{"id":1026,"href":"http:\/\/atairsantos.com.br\/en\/wp-json\/wp\/v2\/pages\/282\/revisions\/1026"}],"wp:attachment":[{"href":"http:\/\/atairsantos.com.br\/en\/wp-json\/wp\/v2\/media?parent=282"}],"curies":[{"name":"wp","href":"https:\/\/api.w.org\/{rel}","templated":true}]}}